{"id":21,"date":"2024-07-05T21:06:39","date_gmt":"2024-07-05T21:06:39","guid":{"rendered":"https:\/\/cresem.es\/eures\/?page_id=21"},"modified":"2024-07-06T12:15:40","modified_gmt":"2024-07-06T12:15:40","slug":"obejetivos","status":"publish","type":"page","link":"https:\/\/cresem.es\/eures\/obejetivos\/","title":{"rendered":"OBJETIVOS"},"content":{"rendered":"<p>Eures Cross-border Partnership 2022-2023 naci\u00f3 inicialmente de una oferta presentada entre las Entidades P\u00fablicas de Empleo (SEXPE e IEFP), de ambos lados de la frontera hispano-portuguesa, centr\u00e1ndose casi exclusivamente en la movilidad transfronteriza entre los dos pa\u00edses.<\/p>\n<p>Tras ese primer a\u00f1o de experiencia, con el proyecto piloto, tanto el SEXPE como el IEFP, entendieron que esta propuesta ganar\u00eda con la participaci\u00f3n de las entidades que ofertan el empleo, las entidades empleadoras. Por ello se invitan y se forma un consorcio extensivo a asociaciones y confederaciones empresariales de ambos lados de la frontera, que conforman la oferta empleadora privada, en el alto Alentejo y Extremadura.<\/p>\n<p>Un en pasado reciente, y tras el impacto de la pandemia de Covid\u201919, los socios se plantearon volver a presentar una propuesta liderada por el SEXPE, como en las anteriores, con el \u00e1nimo de aumentar el impacto del proyecto, y se invitaron adem\u00e1s a participar en la propuesta, el NERE, NERPOR de Alentejo y Fundaci\u00f3n Cresem por Extremadura, y la\u00a0 Federaci\u00f3n\u00a0 de\u00a0 Municipios\u00a0 de\u00a0 Extremadura-FEMPEX, y mas recientemente ACIPS (Asociaci\u00f3n de Comercio e Industria de Ponte de S\u00f4r, la Asociaci\u00f3n Empresarial de Elvas y la C\u00e1mara de Comercio de Badajoz conformando as\u00ed este consorcio de 2022. De esta manera, la propuesta, liderada por SEXPE, que en colaboraci\u00f3n con IEFP, su entidad hom\u00f3loga en Portugal, gana otra amplitud, visibilidad y ambici\u00f3n en el proyecto, ofreciendo nuevas perspectivas para el sector empleador.<\/p>\n<p>Eures Cross-border Partnership 2022-2023 tiene como objetivo\u00a0<strong>facilitar la movilidad laboral entre estas dos regiones fronterizas del Alentejo portugu\u00e9s y de la Extremadura espa\u00f1ola<\/strong>. Adem\u00e1s, este proyecto tiene como objetivo ayudar a los colectivos de empleadores y a los demandantes de empleo a encontrar y facilitar oportunidades de colocaci\u00f3n y de negocios ya sea de demandantes de empleo, o de emprendedores en el otro lado de la frontera, fomentando as\u00ed las posibilidades de iniciar sus vidas laborales y sus aventuras empresariales, en el otro lado de la raya, trabajando este proyecto para facilitarlo y reducir as\u00ed barreras a la movilidad transfronteriza de ciudadanos y personalidades jur\u00eddicas empleadoras.<\/p>\n<p>Desde el punto de vista del consorcio EURES CROSSBORDER PARTNERSHIP EXTREMADURA-ALENTEJO 2022-2023, creemos que tanto los trabajadores como los empleadores pueden obtener sinergias, nuevas capacitaciones, nuevas experiencias y adquirir interesantes ventajas competitivas, con consecuentes oportunidades de negocio, desarrollando sus actividades laborales y sus negocios a nivel transfronterizo.<\/p>\n<p>Para obtener m\u00e1s informaci\u00f3n sobre esta propuesta, proporcionamos el enlace, a la p\u00e1gina del SEXPE y a nuestras redes sociales:<\/p>\n<p>SEXPE: https:\/\/extremaduratrabaja.juntaex.es\/empleo_eures_transfronterizo Facebook: https:\/\/<a href=\"http:\/\/www.facebook.com\/ExtremedurAlentejo\">www.facebook.com\/ExtremedurAlentejo<\/a><\/p>\n<p>Si est\u00e1 interesado en colaborar o aprovechar las facilidades proporcionadas por este proyecto, no dude en coment\u00e1rnoslo y puede hacerlo contactando con nosotros y explicando en qu\u00e9 medida podr\u00edamos ayudarlo. Independientemente de lo que sean empleadores o empleados que busquen un cambio de trabajo en el otro lado de la frontera, o satisfacer sus inquietudes, Eures Crossborder Patnership intentar\u00e1 facilitar estos objetivos.<\/p>\n<p><a href=\"http:\/\/www.cresem.es\/index.php\/es\/agencia-de-colocacion\">http:\/\/www.cresem.es\/index.php\/es\/agencia-de-colocacion<\/a><\/p>\n<p>Adem\u00e1s de la informaci\u00f3n proporcionada en nuestro sitio web, para obtener m\u00e1s informaci\u00f3n sobre el proyecto, puede consultar el siguiente enlace:<\/p>\n<p><a href=\"http:\/\/extremaduratrabaja.juntaex.es\/\">http:\/\/extremaduratrabaja.juntaex.es<\/a><\/p>\n<p>Esperando que sea de su inter\u00e9s<br \/>\nEl equipo de\u00a0<strong>Entidades empleadoras de Extremadura-Alentejo<\/strong><\/p>\n","protected":false},"excerpt":{"rendered":"<p>Eures Cross-border Partnership 2022-2023 naci\u00f3 inicialmente de una oferta presentada entre las Entidades P\u00fablicas de Empleo (SEXPE e IEFP), de ambos lados de la frontera hispano-portuguesa, centr\u00e1ndose casi exclusivamente en la movilidad transfronteriza entre los dos pa\u00edses. Tras ese primer a\u00f1o de experiencia, con el proyecto piloto, tanto el SEXPE como el IEFP, entendieron que [&hellip;]<\/p>\n","protected":false},"author":1,"featured_media":0,"parent":0,"menu_order":0,"comment_status":"closed","ping_status":"closed","template":"","meta":{"_uag_custom_page_level_css":"","site-sidebar-layout":"default","site-content-layout":"","ast-site-content-layout":"default","site-content-style":"default","site-sidebar-style":"default","ast-global-header-display":"","ast-banner-title-visibility":"","ast-main-header-display":"","ast-hfb-above-header-display":"","ast-hfb-below-header-display":"","ast-hfb-mobile-header-display":"","site-post-title":"","ast-breadcrumbs-content":"","ast-featured-img":"","footer-sml-layout":"","ast-disable-related-posts":"","theme-transparent-header-meta":"","adv-header-id-meta":"","stick-header-meta":"","header-above-stick-meta":"","header-main-stick-meta":"","header-below-stick-meta":"","astra-migrate-meta-layouts":"default","ast-page-background-enabled":"default","ast-page-background-meta":{"desktop":{"background-color":"","background-image":"","background-repeat":"repeat","background-position":"center center","background-size":"auto","background-attachment":"scroll","background-type":"","background-media":"","overlay-type":"","overlay-color":"","overlay-opacity":"","overlay-gradient":""},"tablet":{"background-color":"","background-image":"","background-repeat":"repeat","background-position":"center center","background-size":"auto","background-attachment":"scroll","background-type":"","background-media":"","overlay-type":"","overlay-color":"","overlay-opacity":"","overlay-gradient":""},"mobile":{"background-color":"","background-image":"","background-repeat":"repeat","background-position":"center center","background-size":"auto","background-attachment":"scroll","background-type":"","background-media":"","overlay-type":"","overlay-color":"","overlay-opacity":"","overlay-gradient":""}},"ast-content-background-meta":{"desktop":{"background-color":"var(--ast-global-color-5)","background-image":"","background-repeat":"repeat","background-position":"center center","background-size":"auto","background-attachment":"scroll","background-type":"","background-media":"","overlay-type":"","overlay-color":"","overlay-opacity":"","overlay-gradient":""},"tablet":{"background-color":"var(--ast-global-color-5)","background-image":"","background-repeat":"repeat","background-position":"center center","background-size":"auto","background-attachment":"scroll","background-type":"","background-media":"","overlay-type":"","overlay-color":"","overlay-opacity":"","overlay-gradient":""},"mobile":{"background-color":"var(--ast-global-color-5)","background-image":"","background-repeat":"repeat","background-position":"center center","background-size":"auto","background-attachment":"scroll","background-type":"","background-media":"","overlay-type":"","overlay-color":"","overlay-opacity":"","overlay-gradient":""}},"footnotes":""},"class_list":["post-21","page","type-page","status-publish","hentry"],"uagb_featured_image_src":{"full":false,"thumbnail":false,"medium":false,"medium_large":false,"large":false,"1536x1536":false,"2048x2048":false},"uagb_author_info":{"display_name":"admin","author_link":"https:\/\/cresem.es\/eures\/author\/administrador\/"},"uagb_comment_info":0,"uagb_excerpt":"Eures Cross-border Partnership 2022-2023 naci\u00f3 inicialmente de una oferta presentada entre las Entidades P\u00fablicas de Empleo (SEXPE e IEFP), de ambos lados de la frontera hispano-portuguesa, centr\u00e1ndose casi exclusivamente en la movilidad transfronteriza entre los dos pa\u00edses. Tras ese primer a\u00f1o de experiencia, con el proyecto piloto, tanto el SEXPE como el IEFP, entendieron que&hellip;","_links":{"self":[{"href":"https:\/\/cresem.es\/eures\/wp-json\/wp\/v2\/pages\/21","targetHints":{"allow":["GET"]}}],"collection":[{"href":"https:\/\/cresem.es\/eures\/wp-json\/wp\/v2\/pages"}],"about":[{"href":"https:\/\/cresem.es\/eures\/wp-json\/wp\/v2\/types\/page"}],"author":[{"embeddable":true,"href":"https:\/\/cresem.es\/eures\/wp-json\/wp\/v2\/users\/1"}],"replies":[{"embeddable":true,"href":"https:\/\/cresem.es\/eures\/wp-json\/wp\/v2\/comments?post=21"}],"version-history":[{"count":2,"href":"https:\/\/cresem.es\/eures\/wp-json\/wp\/v2\/pages\/21\/revisions"}],"predecessor-version":[{"id":64,"href":"https:\/\/cresem.es\/eures\/wp-json\/wp\/v2\/pages\/21\/revisions\/64"}],"wp:attachment":[{"href":"https:\/\/cresem.es\/eures\/wp-json\/wp\/v2\/media?parent=21"}],"curies":[{"name":"wp","href":"https:\/\/api.w.org\/{rel}","templated":true}]}}